{"id":16,"date":"2024-02-28T22:14:21","date_gmt":"2024-02-28T22:14:21","guid":{"rendered":"http:\/\/142.132.203.237\/~rocketee\/ny1\/?page_id=16"},"modified":"2024-02-29T18:03:05","modified_gmt":"2024-02-29T18:03:05","slug":"hvad-spiller-vi","status":"publish","type":"page","link":"https:\/\/rocketeers.dk\/index.php\/hvad-spiller-vi\/","title":{"rendered":"HVAD SPILLER VI?"},"content":{"rendered":"\n<h2 class=\"wp-block-heading\">Vi spiller et bredt udsnit af energifyldt, glad og festlig rock- og popmusik, som er absolut umulig at st\u00e5 stille til!<\/h2>\n\n\n\n<p><\/p>\n\n\n\n<p>&#8211; fra egne fortolkninger af 80&#8217;er og 90&#8217;er hits til nye og gamle klassikere af fantastiske kunstnere som:<br>Elvis Presley, The Rolling Stones, Queen, Bruce Springsteen, Michael Jackson, The Beatles, Jerry Lee Lewis, Gasolin og Kim Larsen, TV2, Roxette, Robbie Williams, Bryan Adams, Steve Miller, Steppenwolf, Kings of Leon, Shaka Loveless &#8211; og mange flere&#8230;<\/p>\n\n\n\n<p>Numrene er omhyggeligt udvalgte:<br>De festlige, sangsible og dansable, som giver folk en l\u00e6kker fornemmelse i maven og i hjertet, og f\u00e5r festen til at n\u00e5 uanede h\u00f8jder!<\/p>\n","protected":false},"excerpt":{"rendered":"<p>Vi spiller et bredt udsnit af energifyldt, glad og festlig rock- og popmusik, som er absolut umulig at st\u00e5 stille til! &#8211; fra egne fortolkninger af 80&#8217;er og 90&#8217;er hits til nye og gamle klassikere af fantastiske kunstnere som:Elvis Presley, The Rolling Stones, Queen, Bruce <span class=\"read-more\"><a class=\"more-link btn btn-transparent\" href=\"https:\/\/rocketeers.dk\/index.php\/hvad-spiller-vi\/\">Read More &#8230;<\/a><\/span><\/p>\n","protected":false},"author":1,"featured_media":0,"parent":0,"menu_order":0,"comment_status":"closed","ping_status":"closed","template":"","meta":{"footnotes":""},"class_list":["post-16","page","type-page","status-publish","hentry"],"_links":{"self":[{"href":"https:\/\/rocketeers.dk\/index.php\/wp-json\/wp\/v2\/pages\/16","targetHints":{"allow":["GET"]}}],"collection":[{"href":"https:\/\/rocketeers.dk\/index.php\/wp-json\/wp\/v2\/pages"}],"about":[{"href":"https:\/\/rocketeers.dk\/index.php\/wp-json\/wp\/v2\/types\/page"}],"author":[{"embeddable":true,"href":"https:\/\/rocketeers.dk\/index.php\/wp-json\/wp\/v2\/users\/1"}],"replies":[{"embeddable":true,"href":"https:\/\/rocketeers.dk\/index.php\/wp-json\/wp\/v2\/comments?post=16"}],"version-history":[{"count":3,"href":"https:\/\/rocketeers.dk\/index.php\/wp-json\/wp\/v2\/pages\/16\/revisions"}],"predecessor-version":[{"id":39,"href":"https:\/\/rocketeers.dk\/index.php\/wp-json\/wp\/v2\/pages\/16\/revisions\/39"}],"wp:attachment":[{"href":"https:\/\/rocketeers.dk\/index.php\/wp-json\/wp\/v2\/media?parent=16"}],"curies":[{"name":"wp","href":"https:\/\/api.w.org\/{rel}","templated":true}]}}