{"id":18,"date":"2024-02-28T22:16:17","date_gmt":"2024-02-28T22:16:17","guid":{"rendered":"http:\/\/142.132.203.237\/~rocketee\/ny1\/?page_id=18"},"modified":"2024-02-28T22:16:18","modified_gmt":"2024-02-28T22:16:18","slug":"om-bandet","status":"publish","type":"page","link":"https:\/\/rocketeers.dk\/index.php\/om-bandet\/","title":{"rendered":"OM BANDET"},"content":{"rendered":"\n<p>Rocketeers best\u00e5r af fem erfarne musikere fra det \u00e5rhusianske musikmilj\u00f8.<\/p>\n\n\n\n<p>Vi startede som husorkester p\u00e5 biologistudiet ved Aarhus Universitet, hvor der blev spillet til mangen en studenterfest. Der er sket meget siden dengang, og vi har efterh\u00e5nden spillet over hele landet. Vi rykker derfor ogs\u00e5 ud til din fest.<\/p>\n\n\n\n<p>Vi s\u00e6tter en \u00e6re i at levere musikken med energi og gl\u00e6de for at g\u00f8re gode fester endnu bedre.<\/p>\n\n\n\n<p>T\u00f8v ikke med at kontakte os, hvis du vil vide mere.<\/p>\n","protected":false},"excerpt":{"rendered":"<p>Rocketeers best\u00e5r af fem erfarne musikere fra det \u00e5rhusianske musikmilj\u00f8. Vi startede som husorkester p\u00e5 biologistudiet ved Aarhus Universitet, hvor der blev spillet til mangen en studenterfest. Der er sket meget siden dengang, og vi har efterh\u00e5nden spillet over hele landet. Vi rykker derfor ogs\u00e5 <span class=\"read-more\"><a class=\"more-link btn btn-transparent\" href=\"https:\/\/rocketeers.dk\/index.php\/om-bandet\/\">Read More &#8230;<\/a><\/span><\/p>\n","protected":false},"author":1,"featured_media":0,"parent":0,"menu_order":0,"comment_status":"closed","ping_status":"closed","template":"","meta":{"footnotes":""},"class_list":["post-18","page","type-page","status-publish","hentry"],"_links":{"self":[{"href":"https:\/\/rocketeers.dk\/index.php\/wp-json\/wp\/v2\/pages\/18","targetHints":{"allow":["GET"]}}],"collection":[{"href":"https:\/\/rocketeers.dk\/index.php\/wp-json\/wp\/v2\/pages"}],"about":[{"href":"https:\/\/rocketeers.dk\/index.php\/wp-json\/wp\/v2\/types\/page"}],"author":[{"embeddable":true,"href":"https:\/\/rocketeers.dk\/index.php\/wp-json\/wp\/v2\/users\/1"}],"replies":[{"embeddable":true,"href":"https:\/\/rocketeers.dk\/index.php\/wp-json\/wp\/v2\/comments?post=18"}],"version-history":[{"count":1,"href":"https:\/\/rocketeers.dk\/index.php\/wp-json\/wp\/v2\/pages\/18\/revisions"}],"predecessor-version":[{"id":19,"href":"https:\/\/rocketeers.dk\/index.php\/wp-json\/wp\/v2\/pages\/18\/revisions\/19"}],"wp:attachment":[{"href":"https:\/\/rocketeers.dk\/index.php\/wp-json\/wp\/v2\/media?parent=18"}],"curies":[{"name":"wp","href":"https:\/\/api.w.org\/{rel}","templated":true}]}}