{"id":8,"date":"2024-02-28T22:10:11","date_gmt":"2024-02-28T22:10:11","guid":{"rendered":"http:\/\/142.132.203.237\/~rocketee\/ny1\/?page_id=8"},"modified":"2024-02-29T17:47:10","modified_gmt":"2024-02-29T17:47:10","slug":"forside","status":"publish","type":"page","link":"https:\/\/rocketeers.dk\/","title":{"rendered":""},"content":{"rendered":"\n<h2 class=\"wp-block-heading\">ET BAND, DER F\u00c5R DIN FEST TIL AT N\u00c5 NYE H\u00d8JDER<\/h2>\n\n\n\n<h2 class=\"wp-block-heading\">Vi leverer et bredt udsnit af energifyldt, glad og festlig rock- og popmusik, som er absolut umulig at st\u00e5 stille til!<\/h2>\n\n\n\n<p>Mange lykkelige f\u00f8dselsdage, bryllupper, byfester og firmafester taler deres tydelige sprog!<\/p>\n\n\n\n<p>Rund f\u00f8dselsdag? Bryllup? Havefest? Firmafest? Byfest? &#8211; eller bare FEST??<\/p>\n\n\n\n<p>T\u00f8v ikke &#8211; bestil os til din n\u00e6ste fest!<\/p>\n","protected":false},"excerpt":{"rendered":"<p>ET BAND, DER F\u00c5R DIN FEST TIL AT N\u00c5 NYE H\u00d8JDER Vi leverer et bredt udsnit af energifyldt, glad og festlig rock- og popmusik, som er absolut umulig at st\u00e5 stille til! Mange lykkelige f\u00f8dselsdage, bryllupper, byfester og firmafester taler deres tydelige sprog! Rund f\u00f8dselsdag? <span class=\"read-more\"><a class=\"more-link btn btn-transparent\" href=\"https:\/\/rocketeers.dk\/\">Read More &#8230;<\/a><\/span><\/p>\n","protected":false},"author":1,"featured_media":0,"parent":0,"menu_order":0,"comment_status":"closed","ping_status":"closed","template":"","meta":{"footnotes":""},"class_list":["post-8","page","type-page","status-publish","hentry"],"_links":{"self":[{"href":"https:\/\/rocketeers.dk\/index.php\/wp-json\/wp\/v2\/pages\/8","targetHints":{"allow":["GET"]}}],"collection":[{"href":"https:\/\/rocketeers.dk\/index.php\/wp-json\/wp\/v2\/pages"}],"about":[{"href":"https:\/\/rocketeers.dk\/index.php\/wp-json\/wp\/v2\/types\/page"}],"author":[{"embeddable":true,"href":"https:\/\/rocketeers.dk\/index.php\/wp-json\/wp\/v2\/users\/1"}],"replies":[{"embeddable":true,"href":"https:\/\/rocketeers.dk\/index.php\/wp-json\/wp\/v2\/comments?post=8"}],"version-history":[{"count":3,"href":"https:\/\/rocketeers.dk\/index.php\/wp-json\/wp\/v2\/pages\/8\/revisions"}],"predecessor-version":[{"id":35,"href":"https:\/\/rocketeers.dk\/index.php\/wp-json\/wp\/v2\/pages\/8\/revisions\/35"}],"wp:attachment":[{"href":"https:\/\/rocketeers.dk\/index.php\/wp-json\/wp\/v2\/media?parent=8"}],"curies":[{"name":"wp","href":"https:\/\/api.w.org\/{rel}","templated":true}]}}